{"id":3794,"date":"2022-08-30T10:13:19","date_gmt":"2022-08-30T10:13:19","guid":{"rendered":"https:\/\/shinwa.ads-tanfolyam.hu\/?page_id=3794"},"modified":"2022-09-27T12:54:14","modified_gmt":"2022-09-27T12:54:14","slug":"jelentkezes","status":"publish","type":"page","link":"https:\/\/www.shinwa.hu\/en\/jelentkezes\/","title":{"rendered":"Apply"},"content":{"rendered":"<div class=\"vc_row wpb_row vc_row-fluid vc_custom_1575380785088\"><div class=\"wpb_column vc_column_container vc_col-sm-10 vc_col-lg-offset-2 vc_col-lg-8 vc_col-md-offset-2 vc_col-md-8 vc_col-sm-offset-1 vc_col-xs-offset-1 vc_col-xs-10\"><div class=\"vc_column-inner\"><div class=\"wpb_wrapper\"><div class=\"vc_row wpb_row vc_inner vc_row-fluid\"><div class=\"wpb_column vc_column_container vc_col-sm-6 vc_col-lg-offset-0 vc_col-md-offset-0 vc_col-sm-offset-0 vc_col-xs-6 vc_col-has-fill\"><div class=\"vc_column-inner vc_custom_1575380838085\"><div class=\"wpb_wrapper\"><\/div><\/div><\/div><\/div><div id=\"ultimate-heading-40636a07259e610d2\" class=\"uvc-heading ult-adjust-bottom-margin ultimate-heading-40636a07259e610d2 uvc-5827\" data-hspacer=\"no_spacer\"  data-halign=\"center\" style=\"text-align:center\"><div class=\"uvc-heading-spacer no_spacer\" style=\"top\"><\/div><div class=\"uvc-main-heading ult-responsive\"  data-ultimate-target='.uvc-heading.ultimate-heading-40636a07259e610d2 h2'  data-responsive-json-new='{\"font-size\":\"desktop:50px;\",\"line-height\":\"desktop:60px;\"}' ><h2 style=\"font-weight:bold;margin-bottom:10px;\">Jelentkez\u00e9s \u00e1ll\u00e1shirdet\u00e9sre<\/h2><\/div><div class=\"uvc-sub-heading ult-responsive\"  data-ultimate-target='.uvc-heading.ultimate-heading-40636a07259e610d2 .uvc-sub-heading '  data-responsive-json-new='{\"font-size\":\"\",\"line-height\":\"\"}'  style=\"font-weight:normal;margin-bottom:60px;\">Our colleagues will respond in a short time!<\/div><\/div>\n<div class=\"wpcf7 no-js\" id=\"wpcf7-f6-o1\" lang=\"hu-HU\" dir=\"ltr\" data-wpcf7-id=\"6\">\n<div class=\"screen-reader-response\"><p role=\"status\" aria-live=\"polite\" aria-atomic=\"true\"><\/p> <ul><\/ul><\/div>\n<form action=\"\/en\/wp-json\/wp\/v2\/pages\/3794#wpcf7-f6-o1\" method=\"post\" class=\"wpcf7-form init\" aria-label=\"Kapcsolatfelv\u00e9teli \u0171rlap\" enctype=\"multipart\/form-data\" novalidate=\"novalidate\" data-status=\"init\" data-trp-original-action=\"\/en\/wp-json\/wp\/v2\/pages\/3794#wpcf7-f6-o1\">\n<fieldset class=\"hidden-fields-container\"><input type=\"hidden\" name=\"_wpcf7\" value=\"6\" \/><input type=\"hidden\" name=\"_wpcf7_version\" value=\"6.1.3\" \/><input type=\"hidden\" name=\"_wpcf7_locale\" value=\"hu_HU\" \/><input type=\"hidden\" name=\"_wpcf7_unit_tag\" value=\"wpcf7-f6-o1\" \/><input type=\"hidden\" name=\"_wpcf7_container_post\" value=\"0\" \/><input type=\"hidden\" name=\"_wpcf7_posted_data_hash\" value=\"\" \/>\n<\/fieldset>\n<p><label> \u00d6n a k\u00f6vetkez\u0151 \u00e1ll\u00e1shirdet\u00e9sre p\u00e1ly\u00e1zik:<br \/>\n<span class=\"wpcf7-form-control-wrap\" data-name=\"menu-44\"><select class=\"wpcf7-form-control wpcf7-select wpcf7-validates-as-required\" aria-required=\"true\" aria-invalid=\"false\" name=\"menu-44\"><option value=\"Megv\u00e1ltozott munkak\u00e9pess\u00e9g\u0171 oper\u00e1tor\">Megv\u00e1ltozott munkak\u00e9pess\u00e9g\u0171 oper\u00e1tor<\/option><option value=\"SMT oper\u00e1tor\">SMT oper\u00e1tor<\/option><option value=\"Oper\u00e1tor, l\u00e9zerg\u00e9pkezel\u0151\">Oper\u00e1tor, l\u00e9zerg\u00e9pkezel\u0151<\/option><option value=\"\u00c9p\u00fclet karbantart\u00f3\">\u00c9p\u00fclet karbantart\u00f3<\/option><option value=\"Gy\u00e1rt\u00e1st\u00e1mogat\u00f3 specialista fest\u00e9si ter\u00fcleten\">Gy\u00e1rt\u00e1st\u00e1mogat\u00f3 specialista fest\u00e9si ter\u00fcleten<\/option><\/select><\/span> <\/label>\n<\/p>\n<p><label> Egy\u00e9b megp\u00e1ly\u00e1zni k\u00edv\u00e1nt poz\u00edci\u00f3:<br \/>\n<span class=\"wpcf7-form-control-wrap\" data-name=\"other-job\"><input size=\"40\" maxlength=\"400\" class=\"wpcf7-form-control wpcf7-text wpcf7-validates-as-required\" aria-required=\"true\" aria-invalid=\"false\" value=\"\" type=\"text\" name=\"other-job\" \/><\/span> <\/label>\n<\/p>\n<p><label> N\u00e9v<br \/>\n<span class=\"wpcf7-form-control-wrap\" data-name=\"your-name\"><input size=\"40\" maxlength=\"400\" class=\"wpcf7-form-control wpcf7-text wpcf7-validates-as-required\" aria-required=\"true\" aria-invalid=\"false\" value=\"\" type=\"text\" name=\"your-name\" \/><\/span> <\/label>\n<\/p>\n<p><label> E-mail c\u00edm<br \/>\n<span class=\"wpcf7-form-control-wrap\" data-name=\"your-email\"><input size=\"40\" maxlength=\"400\" class=\"wpcf7-form-control wpcf7-email wpcf7-validates-as-required wpcf7-text wpcf7-validates-as-email\" aria-required=\"true\" aria-invalid=\"false\" value=\"\" type=\"email\" name=\"your-email\" \/><\/span> <\/label>\n<\/p>\n<p><label> Telefonsz\u00e1m<br \/>\n<span class=\"wpcf7-form-control-wrap\" data-name=\"tel-36\"><input size=\"40\" maxlength=\"400\" class=\"wpcf7-form-control wpcf7-tel wpcf7-validates-as-required wpcf7-text wpcf7-validates-as-tel\" aria-required=\"true\" aria-invalid=\"false\" value=\"\" type=\"tel\" name=\"tel-36\" \/><\/span><\/label>\n<\/p>\n<p><label> Honnan \u00e9rtes\u00fclt az \u00e1ll\u00e1shelyr\u0151l?<br \/>\n<span class=\"wpcf7-form-control-wrap\" data-name=\"honnan\"><input size=\"40\" maxlength=\"400\" class=\"wpcf7-form-control wpcf7-text wpcf7-validates-as-required\" aria-required=\"true\" aria-invalid=\"false\" value=\"\" type=\"text\" name=\"honnan\" \/><\/span><\/label>\n<\/p>\n<p><label>A Shinwa Magyarorsz\u00e1g Prec\u00edzi\u00f3s Kft. munkav\u00e1llal\u00f3ja aj\u00e1nlotta az \u00e1ll\u00e1st?<br \/>\n<span class=\"wpcf7-form-control-wrap\" data-name=\"checkbox-347\"><span class=\"wpcf7-form-control wpcf7-checkbox\"><span class=\"wpcf7-list-item first\"><label><input type=\"checkbox\" name=\"checkbox-347[]\" value=\"Igen\" \/><span class=\"wpcf7-list-item-label\">Igen<\/span><\/label><\/span><span class=\"wpcf7-list-item last\"><label><input type=\"checkbox\" name=\"checkbox-347[]\" value=\"Nem\" \/><span class=\"wpcf7-list-item-label\">No<\/span><\/label><\/span><\/span><\/span><br \/>\n<\/label><label>Az aj\u00e1nl\u00f3 neve:<br \/>\n<span class=\"wpcf7-form-control-wrap\" data-name=\"ajanloneve\"><input size=\"40\" maxlength=\"400\" class=\"wpcf7-form-control wpcf7-text\" aria-invalid=\"false\" value=\"\" type=\"text\" name=\"ajanloneve\" \/><\/span><\/label>\n<\/p>\n<p><label> Az aj\u00e1nl\u00f3 szervezeti egys\u00e9ge:<br \/>\n<span class=\"wpcf7-form-control-wrap\" data-name=\"ajanloszervezet\"><input size=\"40\" maxlength=\"400\" class=\"wpcf7-form-control wpcf7-text\" aria-invalid=\"false\" value=\"\" type=\"text\" name=\"ajanloszervezet\" \/><\/span><\/label>\n<\/p>\n<p><label> \u00d6n\u00e9letrajz felt\u00f6lt\u00e9se (pdf, docx, jpg, jpeg enged\u00e9lyezett, max 2 MB)<br \/>\n<span class=\"wpcf7-form-control-wrap\" data-name=\"file-756\"><input size=\"40\" class=\"wpcf7-form-control wpcf7-file\" accept=\".pdf,.docx,.jpg,.jpeg\" aria-invalid=\"false\" type=\"file\" name=\"file-756\" \/><\/span><\/label>\n<\/p>\n<p><label> Egy\u00e9b f\u00e1jl felt\u00f6lt\u00e9se (pdf, docx, jpg, jpeg enged\u00e9lyezett, max 2 MB)<br \/>\n<span class=\"wpcf7-form-control-wrap\" data-name=\"file-757\"><input size=\"40\" class=\"wpcf7-form-control wpcf7-file\" accept=\".pdf,.docx,.jpg,.jpeg\" aria-invalid=\"false\" type=\"file\" name=\"file-757\" \/><\/span><\/label>\n<\/p>\n<p><b>Adatok kezel\u00e9se<\/b><br \/>\nAz \u00d6n \u00e1ltal megadott adatokat kiz\u00e1r\u00f3lag a toborz\u00e1s-kiv\u00e1laszt\u00e1si folyamatban, a Shinwa Magyarorsz\u00e1g Prec\u00edzi\u00f3s Kft. e ter\u00fclettel foglalkoz\u00f3 munkat\u00e1rsai, a meghirdetett \u00e1ll\u00e1s vonatkoz\u00e1s\u00e1ban illet\u00e9kes szakmai vezet\u0151 \u00e9s a munk\u00e1ltat\u00f3i jogk\u00f6rgyakorl\u00f3 l\u00e1thatja.<br \/>\nAdatai megad\u00e1s\u00e1val \u00d6n hozz\u00e1j\u00e1rul azok Adatkezel\u00e9si t\u00e1j\u00e9koztat\u00f3ban foglaltak szerinti kezel\u00e9s\u00e9hez.\n<\/p>\n<p><a href=\"https:\/\/www.shinwa.hu\/wp-content\/uploads\/2022\/10\/Adatkezelesi-tajekoztato-Shinwa-Magyarorszag-Precizios-Kft..pdf\" target=\"_blank\">Adatkezel\u00e9si t\u00e1j\u00e9koztat\u00f3<\/a>\n<\/p>\n<p><span class=\"wpcf7-form-control-wrap\" data-name=\"acceptance-691\"><span class=\"wpcf7-form-control wpcf7-acceptance\"><span class=\"wpcf7-list-item\"><label><input type=\"checkbox\" name=\"acceptance-691\" value=\"1\" aria-invalid=\"false\" \/><span class=\"wpcf7-list-item-label\">Az adatkezel\u00e9si t\u00e1j\u00e9koztat\u00f3ban foglaltakat megismertem \u00e9s meg\u00e9rtettem.<\/span><\/label><\/span><\/span><\/span>\n<\/p>\n<p><span class=\"wpcf7-form-control-wrap\" data-name=\"acceptance-692\"><span class=\"wpcf7-form-control wpcf7-acceptance\"><span class=\"wpcf7-list-item\"><label><input type=\"checkbox\" name=\"acceptance-692\" value=\"1\" aria-invalid=\"false\" \/><span class=\"wpcf7-list-item-label\">A p\u00e1ly\u00e1zat esetlegesen sz\u00e1momra eredm\u00e9nytelen lez\u00e1r\u00e1s\u00e1t k\u00f6vet\u0151en \u2013 m\u00e1s \u00e1ll\u00e1s elnyer\u00e9se \u00e9rdek\u00e9ben \u2013 \u00f6nk\u00e9ntesen hozz\u00e1j\u00e1rulok a szem\u00e9lyes adataim tov\u00e1bbi kezel\u00e9shez.<\/span><\/label><\/span><\/span><\/span>\n<\/p>\n<p><input class=\"wpcf7-form-control wpcf7-submit has-spinner\" type=\"submit\" value=\"Bek\u00fcld\u00e9s\" \/>\n<\/p><div class=\"wpcf7-response-output\" aria-hidden=\"true\"><\/div>\n<input type=\"hidden\" name=\"trp-form-language\" value=\"en\"\/><\/form>\n<\/div>\n<\/div><\/div><\/div><\/div>","protected":false},"excerpt":{"rendered":"<p>Jelentkez\u00e9s \u00e1ll\u00e1shirdet\u00e9sreKoll\u00e9g\u00e1ink r\u00f6vid id\u0151n bel\u00fcl v\u00e1laszolnak! \u00d6n a k\u00f6vetkez\u0151 \u00e1ll\u00e1shirdet\u00e9sre p\u00e1ly\u00e1zik: Megv\u00e1ltozott munkak\u00e9pess\u00e9g\u0171 oper\u00e1torSMT oper\u00e1torOper\u00e1tor, l\u00e9zerg\u00e9pkezel\u0151\u00c9p\u00fclet karbantart\u00f3Gy\u00e1rt\u00e1st\u00e1mogat\u00f3 specialista fest\u00e9si ter\u00fcleten Egy\u00e9b megp\u00e1ly\u00e1zni k\u00edv\u00e1nt poz\u00edci\u00f3: N\u00e9v E-mail c\u00edm Telefonsz\u00e1m Honnan \u00e9rtes\u00fclt az \u00e1ll\u00e1shelyr\u0151l? A Shinwa Magyarorsz\u00e1g Prec\u00edzi\u00f3s Kft. munkav\u00e1llal\u00f3ja aj\u00e1nlotta az \u00e1ll\u00e1st? IgenNem Az aj\u00e1nl\u00f3 neve: Az aj\u00e1nl\u00f3 szervezeti egys\u00e9ge: \u00d6n\u00e9letrajz felt\u00f6lt\u00e9se (pdf, docx, jpg, jpeg&hellip;<\/p>","protected":false},"author":1,"featured_media":0,"parent":0,"menu_order":35,"comment_status":"closed","ping_status":"closed","template":"","meta":[],"class_list":["post-3794","page","type-page","status-publish","hentry","description-off"],"_links":{"self":[{"href":"https:\/\/www.shinwa.hu\/en\/wp-json\/wp\/v2\/pages\/3794","targetHints":{"allow":["GET"]}}],"collection":[{"href":"https:\/\/www.shinwa.hu\/en\/wp-json\/wp\/v2\/pages"}],"about":[{"href":"https:\/\/www.shinwa.hu\/en\/wp-json\/wp\/v2\/types\/page"}],"author":[{"embeddable":true,"href":"https:\/\/www.shinwa.hu\/en\/wp-json\/wp\/v2\/users\/1"}],"replies":[{"embeddable":true,"href":"https:\/\/www.shinwa.hu\/en\/wp-json\/wp\/v2\/comments?post=3794"}],"version-history":[{"count":5,"href":"https:\/\/www.shinwa.hu\/en\/wp-json\/wp\/v2\/pages\/3794\/revisions"}],"predecessor-version":[{"id":3823,"href":"https:\/\/www.shinwa.hu\/en\/wp-json\/wp\/v2\/pages\/3794\/revisions\/3823"}],"wp:attachment":[{"href":"https:\/\/www.shinwa.hu\/en\/wp-json\/wp\/v2\/media?parent=3794"}],"curies":[{"name":"wp","href":"https:\/\/api.w.org\/{rel}","templated":true}]}}