{"id":1491,"date":"2019-10-16T16:14:43","date_gmt":"2019-10-16T16:14:43","guid":{"rendered":"https:\/\/the7.io\/company\/?page_id=1491"},"modified":"2022-08-30T10:15:56","modified_gmt":"2022-08-30T10:15:56","slug":"karrier","status":"publish","type":"page","link":"https:\/\/www.shinwa.hu\/en\/karrier\/","title":{"rendered":"Career"},"content":{"rendered":"<div class=\"vc_row wpb_row vc_row-fluid\"><div class=\"wpb_column vc_column_container vc_col-sm-12\"><div class=\"vc_column-inner vc_custom_1575296582826\"><div class=\"wpb_wrapper\"><style type=\"text\/css\" data-type=\"the7_shortcodes-inline-css\">.blog-shortcode.blog-masonry-shortcode-id-6c7ce5b9aaf0f43f43df83a1996ce7da.dividers-on.classic-layout-list article {\n  padding-top: 0;\n}\n.blog-shortcode.blog-masonry-shortcode-id-6c7ce5b9aaf0f43f43df83a1996ce7da.dividers-on.classic-layout-list article:first-of-type {\n  margin-top: 0;\n  padding-top: 0;\n}\n.blog-shortcode.blog-masonry-shortcode-id-6c7ce5b9aaf0f43f43df83a1996ce7da.classic-layout-list.mode-list .post-entry-content {\n  width: calc(100% - );\n}\n.blog-shortcode.blog-masonry-shortcode-id-6c7ce5b9aaf0f43f43df83a1996ce7da.classic-layout-list.mode-list .no-img .post-entry-content {\n  width: 100%;\n}\n.blog-shortcode.blog-masonry-shortcode-id-6c7ce5b9aaf0f43f43df83a1996ce7da .filter-bg-decoration .filter-categories a.act {\n  color: #fff;\n}\n.blog-shortcode.blog-masonry-shortcode-id-6c7ce5b9aaf0f43f43df83a1996ce7da:not(.mode-masonry) article:first-of-type,\n.blog-shortcode.blog-masonry-shortcode-id-6c7ce5b9aaf0f43f43df83a1996ce7da:not(.mode-masonry) article.visible.first:not(.product) {\n  margin-top: 0;\n}\n.blog-shortcode.blog-masonry-shortcode-id-6c7ce5b9aaf0f43f43df83a1996ce7da.dividers-on:not(.mode-masonry) article {\n  margin-top: 0;\n}\n.blog-shortcode.blog-masonry-shortcode-id-6c7ce5b9aaf0f43f43df83a1996ce7da.dividers-on:not(.mode-masonry) article:first-of-type,\n.blog-shortcode.blog-masonry-shortcode-id-6c7ce5b9aaf0f43f43df83a1996ce7da.dividers-on:not(.mode-masonry) article.visible.first:not(.product) {\n  margin-top: 0;\n  padding-top: 0;\n}\n.blog-shortcode.blog-masonry-shortcode-id-6c7ce5b9aaf0f43f43df83a1996ce7da .post-thumbnail-wrap {\n  padding: 0px 0px 0px 0px;\n}\n.blog-shortcode.blog-masonry-shortcode-id-6c7ce5b9aaf0f43f43df83a1996ce7da.enable-bg-rollover .post-thumbnail-rollover:after {\n  background: -webkit-linear-gradient();\n  background: linear-gradient();\n}\n.blog-shortcode.blog-masonry-shortcode-id-6c7ce5b9aaf0f43f43df83a1996ce7da .gallery-zoom-ico {\n  width: 44px;\n  height: 44px;\n  line-height: 44px;\n  border-radius: 100px;\n  margin: -22px 0 0 -22px;\n  border-width: 0px;\n  color: #ffffff;\n}\n.bottom-overlap-layout-list.blog-shortcode.blog-masonry-shortcode-id-6c7ce5b9aaf0f43f43df83a1996ce7da .gallery-zoom-ico {\n  margin-top: -72px;\n}\n.gradient-overlay-layout-list.blog-shortcode.blog-masonry-shortcode-id-6c7ce5b9aaf0f43f43df83a1996ce7da .gallery-zoom-ico,\n.content-rollover-layout-list.blog-shortcode.blog-masonry-shortcode-id-6c7ce5b9aaf0f43f43df83a1996ce7da .gallery-zoom-ico {\n  margin: 0 0 10px;\n}\n.content-align-center.gradient-overlay-layout-list.blog-shortcode.blog-masonry-shortcode-id-6c7ce5b9aaf0f43f43df83a1996ce7da .gallery-zoom-ico,\n.content-align-center.content-rollover-layout-list.blog-shortcode.blog-masonry-shortcode-id-6c7ce5b9aaf0f43f43df83a1996ce7da .gallery-zoom-ico {\n  margin: 0 auto 10px;\n}\n.dt-icon-bg-on.blog-shortcode.blog-masonry-shortcode-id-6c7ce5b9aaf0f43f43df83a1996ce7da .gallery-zoom-ico {\n  background: rgba(255,255,255,0.3);\n  box-shadow: none;\n}\n.blog-shortcode.blog-masonry-shortcode-id-6c7ce5b9aaf0f43f43df83a1996ce7da .gallery-zoom-ico > span,\n.blog-shortcode.blog-masonry-shortcode-id-6c7ce5b9aaf0f43f43df83a1996ce7da .gallery-zoom-ico:before {\n  font-size: 32px;\n  line-height: 44px;\n}\n.blog-shortcode.blog-masonry-shortcode-id-6c7ce5b9aaf0f43f43df83a1996ce7da .gallery-zoom-ico > span,\n.blog-shortcode.blog-masonry-shortcode-id-6c7ce5b9aaf0f43f43df83a1996ce7da .gallery-zoom-ico:before {\n  color: #ffffff;\n}\n.blog-shortcode.blog-masonry-shortcode-id-6c7ce5b9aaf0f43f43df83a1996ce7da .entry-title,\n.blog-shortcode.blog-masonry-shortcode-id-6c7ce5b9aaf0f43f43df83a1996ce7da.owl-carousel .entry-title {\n  margin-bottom: 10px;\n  font-size: 34px;\n  line-height: 44px;\n  font-weight: bold;\n}\n.blog-shortcode.blog-masonry-shortcode-id-6c7ce5b9aaf0f43f43df83a1996ce7da .entry-meta {\n  margin-bottom: 15px;\n}\n.blog-shortcode.blog-masonry-shortcode-id-6c7ce5b9aaf0f43f43df83a1996ce7da .entry-meta * {\n  font-size: 14px;\n  line-height: 24px;\n}\n.blog-shortcode.blog-masonry-shortcode-id-6c7ce5b9aaf0f43f43df83a1996ce7da .portfolio-categories {\n  margin-bottom: 15px;\n}\n.blog-shortcode.blog-masonry-shortcode-id-6c7ce5b9aaf0f43f43df83a1996ce7da .entry-excerpt {\n  margin-bottom: 10px;\n  font-size: 16px;\n  line-height: 28px;\n}\n.blog-shortcode.blog-masonry-shortcode-id-6c7ce5b9aaf0f43f43df83a1996ce7da:not(.centered-layout-list) .post-entry-content {\n  padding: 25px 30px 30px 30px;\n}\n.blog-shortcode.blog-masonry-shortcode-id-6c7ce5b9aaf0f43f43df83a1996ce7da:not(.centered-layout-list):not(.content-bg-on):not(.mode-list) .no-img .post-entry-content {\n  padding: 0;\n}\n@media screen and (max-width: ) {\n  .blog-shortcode.blog-masonry-shortcode-id-6c7ce5b9aaf0f43f43df83a1996ce7da article {\n    -ms-flex-flow: column nowrap;\n    flex-flow: column nowrap;\n    margin-top: 20px;\n  }\n  .blog-shortcode.blog-masonry-shortcode-id-6c7ce5b9aaf0f43f43df83a1996ce7da.dividers-on article {\n    border: none;\n  }\n  .blog-shortcode.blog-masonry-shortcode-id-6c7ce5b9aaf0f43f43df83a1996ce7da.content-bg-on.centered-layout-list article {\n    padding: 0;\n  }\n  .blog-shortcode.blog-masonry-shortcode-id-6c7ce5b9aaf0f43f43df83a1996ce7da.blog-shortcode.dividers-on article,\n  .blog-shortcode.blog-masonry-shortcode-id-6c7ce5b9aaf0f43f43df83a1996ce7da.dividers-on.classic-layout-list article {\n    margin-top: 20px;\n    padding: 0;\n  }\n  .blog-shortcode.blog-masonry-shortcode-id-6c7ce5b9aaf0f43f43df83a1996ce7da.blog-shortcode.dividers-on article:first-of-type,\n  .blog-shortcode.blog-masonry-shortcode-id-6c7ce5b9aaf0f43f43df83a1996ce7da.dividers-on.classic-layout-list article:first-of-type {\n    padding: 0;\n  }\n  #page .blog-shortcode.blog-masonry-shortcode-id-6c7ce5b9aaf0f43f43df83a1996ce7da .post-thumbnail-wrap,\n  #page .blog-shortcode.blog-masonry-shortcode-id-6c7ce5b9aaf0f43f43df83a1996ce7da .post-entry-content {\n    width: 100%;\n    margin: 0;\n    top: 0;\n  }\n  #page .blog-shortcode.blog-masonry-shortcode-id-6c7ce5b9aaf0f43f43df83a1996ce7da .post-thumbnail-wrap {\n    padding: 0;\n  }\n  #page .blog-shortcode.blog-masonry-shortcode-id-6c7ce5b9aaf0f43f43df83a1996ce7da .post-entry-content:after {\n    display: none;\n  }\n  #page .blog-shortcode.blog-masonry-shortcode-id-6c7ce5b9aaf0f43f43df83a1996ce7da .project-even .post-thumbnail-wrap,\n  #page .blog-shortcode.blog-masonry-shortcode-id-6c7ce5b9aaf0f43f43df83a1996ce7da.centered-layout-list .post-thumbnail-wrap {\n    -ms-flex-order: 0;\n    order: 0;\n  }\n  #page .blog-shortcode.blog-masonry-shortcode-id-6c7ce5b9aaf0f43f43df83a1996ce7da.centered-layout-list .post-entry-title-content {\n    -ms-flex-order: 1;\n    order: 1;\n    width: 100%;\n    padding: 20px 20px 0;\n  }\n  #page .blog-shortcode.blog-masonry-shortcode-id-6c7ce5b9aaf0f43f43df83a1996ce7da.centered-layout-list .post-entry-content {\n    -ms-flex-order: 2;\n    order: 2;\n    padding-top: 0;\n  }\n  #page .blog-shortcode.blog-masonry-shortcode-id-6c7ce5b9aaf0f43f43df83a1996ce7da .fancy-categories {\n    top: 10px;\n    left: 10px;\n    bottom: auto;\n    right: auto;\n  }\n  #page .blog-shortcode.blog-masonry-shortcode-id-6c7ce5b9aaf0f43f43df83a1996ce7da .fancy-date a {\n    top: 10px;\n    right: 10px;\n    left: auto;\n    bottom: auto;\n  }\n  #page .blog-shortcode.blog-masonry-shortcode-id-6c7ce5b9aaf0f43f43df83a1996ce7da .post-entry-content {\n    padding: 20px;\n  }\n  #page .blog-shortcode.blog-masonry-shortcode-id-6c7ce5b9aaf0f43f43df83a1996ce7da .entry-title {\n    margin: 3px 0 5px;\n    font-size: 20px;\n    line-height: 26px;\n  }\n  #page .blog-shortcode.blog-masonry-shortcode-id-6c7ce5b9aaf0f43f43df83a1996ce7da .entry-meta {\n    margin: 5px 0 5px;\n  }\n  #page .blog-shortcode.blog-masonry-shortcode-id-6c7ce5b9aaf0f43f43df83a1996ce7da .entry-excerpt {\n    margin: 15px 0 0;\n  }\n  #page .blog-shortcode.blog-masonry-shortcode-id-6c7ce5b9aaf0f43f43df83a1996ce7da .post-details {\n    margin: 5px 0 10px;\n  }\n  #page .blog-shortcode.blog-masonry-shortcode-id-6c7ce5b9aaf0f43f43df83a1996ce7da .post-details.details-type-link {\n    margin-bottom: 2px;\n  }\n}\n.blog-shortcode.blog-masonry-shortcode-id-6c7ce5b9aaf0f43f43df83a1996ce7da:not(.resize-by-browser-width) .dt-css-grid {\n  grid-row-gap: 30px;\n  grid-column-gap: 30px;\n  grid-template-columns: repeat(auto-fill,minmax(,1fr));\n}\n.blog-shortcode.blog-masonry-shortcode-id-6c7ce5b9aaf0f43f43df83a1996ce7da:not(.resize-by-browser-width) .dt-css-grid .double-width {\n  grid-column: span 2;\n}\n.cssgridlegacy.no-cssgrid .blog-shortcode.blog-masonry-shortcode-id-6c7ce5b9aaf0f43f43df83a1996ce7da:not(.resize-by-browser-width) .dt-css-grid,\n.no-cssgridlegacy.no-cssgrid .blog-shortcode.blog-masonry-shortcode-id-6c7ce5b9aaf0f43f43df83a1996ce7da:not(.resize-by-browser-width) .dt-css-grid {\n  display: flex;\n  flex-flow: row wrap;\n  margin: -15px;\n}\n.cssgridlegacy.no-cssgrid .blog-shortcode.blog-masonry-shortcode-id-6c7ce5b9aaf0f43f43df83a1996ce7da:not(.resize-by-browser-width) .dt-css-grid .wf-cell,\n.no-cssgridlegacy.no-cssgrid .blog-shortcode.blog-masonry-shortcode-id-6c7ce5b9aaf0f43f43df83a1996ce7da:not(.resize-by-browser-width) .dt-css-grid .wf-cell {\n  flex: 1 0 ;\n  max-width: 100%;\n  padding: 15px;\n  box-sizing: border-box;\n}\n.blog-shortcode.blog-masonry-shortcode-id-6c7ce5b9aaf0f43f43df83a1996ce7da.resize-by-browser-width .dt-css-grid {\n  grid-template-columns: repeat(1,1fr);\n  grid-template-rows: auto;\n  grid-column-gap: 30px;\n  grid-row-gap: 30px;\n}\n.blog-shortcode.blog-masonry-shortcode-id-6c7ce5b9aaf0f43f43df83a1996ce7da.resize-by-browser-width .dt-css-grid .double-width {\n  grid-column: span 2;\n}\n.cssgridlegacy.no-cssgrid .blog-shortcode.blog-masonry-shortcode-id-6c7ce5b9aaf0f43f43df83a1996ce7da.resize-by-browser-width .dt-css-grid {\n  margin: -15px;\n}\n.cssgridlegacy.no-cssgrid .blog-shortcode.blog-masonry-shortcode-id-6c7ce5b9aaf0f43f43df83a1996ce7da.resize-by-browser-width .dt-css-grid .wf-cell {\n  width: 100%;\n  padding: 15px;\n}\n.cssgridlegacy.no-cssgrid .blog-shortcode.blog-masonry-shortcode-id-6c7ce5b9aaf0f43f43df83a1996ce7da.resize-by-browser-width .dt-css-grid .wf-cell.double-width {\n  width: calc(100%) * 2;\n}\n.blog-shortcode.blog-masonry-shortcode-id-6c7ce5b9aaf0f43f43df83a1996ce7da.resize-by-browser-width:not(.centered-layout-list):not(.content-bg-on) .dt-css-grid {\n  grid-row-gap: 0px;\n}\n@media screen and (max-width: 1199px) {\n  .blog-shortcode.blog-masonry-shortcode-id-6c7ce5b9aaf0f43f43df83a1996ce7da.resize-by-browser-width .dt-css-grid {\n    grid-template-columns: repeat(1,1fr);\n  }\n  .cssgridlegacy.no-cssgrid .blog-shortcode.blog-masonry-shortcode-id-6c7ce5b9aaf0f43f43df83a1996ce7da.resize-by-browser-width .dt-css-grid .wf-cell,\n  .no-cssgridlegacy.no-cssgrid .blog-shortcode.blog-masonry-shortcode-id-6c7ce5b9aaf0f43f43df83a1996ce7da.resize-by-browser-width .dt-css-grid .wf-cell {\n    width: 100%;\n  }\n  .cssgridlegacy.no-cssgrid .blog-shortcode.blog-masonry-shortcode-id-6c7ce5b9aaf0f43f43df83a1996ce7da.resize-by-browser-width .dt-css-grid .wf-cell.double-width,\n  .no-cssgridlegacy.no-cssgrid .blog-shortcode.blog-masonry-shortcode-id-6c7ce5b9aaf0f43f43df83a1996ce7da.resize-by-browser-width .dt-css-grid .wf-cell.double-width {\n    width: calc(100%)*2;\n  }\n}\n@media screen and (max-width: 991px) {\n  .blog-shortcode.blog-masonry-shortcode-id-6c7ce5b9aaf0f43f43df83a1996ce7da.resize-by-browser-width .dt-css-grid {\n    grid-template-columns: repeat(1,1fr);\n  }\n  .cssgridlegacy.no-cssgrid .blog-shortcode.blog-masonry-shortcode-id-6c7ce5b9aaf0f43f43df83a1996ce7da.resize-by-browser-width .dt-css-grid .wf-cell,\n  .no-cssgridlegacy.no-cssgrid .blog-shortcode.blog-masonry-shortcode-id-6c7ce5b9aaf0f43f43df83a1996ce7da.resize-by-browser-width .dt-css-grid .wf-cell {\n    width: 100%;\n  }\n  .cssgridlegacy.no-cssgrid .blog-shortcode.blog-masonry-shortcode-id-6c7ce5b9aaf0f43f43df83a1996ce7da.resize-by-browser-width .dt-css-grid .wf-cell.double-width,\n  .no-cssgridlegacy.no-cssgrid .blog-shortcode.blog-masonry-shortcode-id-6c7ce5b9aaf0f43f43df83a1996ce7da.resize-by-browser-width .dt-css-grid .wf-cell.double-width {\n    width: calc(100%)*2;\n  }\n}\n@media screen and (max-width: 767px) {\n  .blog-shortcode.blog-masonry-shortcode-id-6c7ce5b9aaf0f43f43df83a1996ce7da.resize-by-browser-width .dt-css-grid {\n    grid-template-columns: repeat(1,1fr);\n  }\n  .blog-shortcode.blog-masonry-shortcode-id-6c7ce5b9aaf0f43f43df83a1996ce7da.resize-by-browser-width .dt-css-grid .double-width {\n    grid-column: span 1;\n  }\n  .cssgridlegacy.no-cssgrid .blog-shortcode.blog-masonry-shortcode-id-6c7ce5b9aaf0f43f43df83a1996ce7da.resize-by-browser-width .dt-css-grid .wf-cell,\n  .no-cssgridlegacy.no-cssgrid .blog-shortcode.blog-masonry-shortcode-id-6c7ce5b9aaf0f43f43df83a1996ce7da.resize-by-browser-width .dt-css-grid .wf-cell {\n    width: 100%;\n  }\n  .cssgridlegacy.no-cssgrid .blog-shortcode.blog-masonry-shortcode-id-6c7ce5b9aaf0f43f43df83a1996ce7da.resize-by-browser-width .dt-css-grid .wf-cell.double-width,\n  .no-cssgridlegacy.no-cssgrid .blog-shortcode.blog-masonry-shortcode-id-6c7ce5b9aaf0f43f43df83a1996ce7da.resize-by-browser-width .dt-css-grid .wf-cell.double-width {\n    width: calc(100%)*2;\n  }\n}\n<\/style><div class=\"blog-shortcode blog-masonry-shortcode-id-6c7ce5b9aaf0f43f43df83a1996ce7da mode-grid classic-layout-list content-bg-on jquery-filter vertical-fancy-style meta-info-off dt-css-grid-wrap dt-icon-bg-off resize-by-browser-width loading-effect-none description-under-image\" data-padding=\"15px\" data-cur-page=\"1\" data-post-limit=\"-1\" data-pagination-mode=\"none\" data-desktop-columns-num=\"1\" data-v-tablet-columns-num=\"1\" data-h-tablet-columns-num=\"1\" data-phone-columns-num=\"1\" data-width=\"0px\" data-columns=\"0\"><div class=\"dt-css-grid\" ><div class=\"visible wf-cell\" data-post-id=\"3986\" data-date=\"2026-03-28T08:00:34+00:00\" data-name=\"Oper\u00e1tor, l\u00e9zerg\u00e9p-kezel\u0151\"><article class=\"post project-odd visible post-3986 type-post status-publish format-standard has-post-thumbnail hentry category-allasok category-18\" data-name=\"Oper\u00e1tor, l\u00e9zerg\u00e9p-kezel\u0151\" data-date=\"2026-03-28T08:00:34+00:00\">\n\n<div class=\"post-thumbnail-wrap\">\n\t<div class=\"post-thumbnail\">\n\t\t\n\t\t<span class=\"fancy-categories\"><a href=\"https:\/\/www.shinwa.hu\/en\/category\/allasok\/\" rel=\"category tag\" style=\"background-color:#;color:#;\">\u00c1ll\u00e1sok<\/a><\/span>\n\t\t<a href=\"https:\/\/www.shinwa.hu\/en\/2026\/03\/28\/operator-lezergep-kezelo\/\" class=\"post-thumbnail-rollover layzr-bg layzr-bg\" ><img loading=\"lazy\" decoding=\"async\" class=\"iso-lazy-load preload-me iso-lazy-load\" src=\"data:image\/svg+xml,%3Csvg%20xmlns%3D&#39;http%3A%2F%2Fwww.w3.org%2F2000%2Fsvg&#39;%20viewBox%3D&#39;0%200%20990%20495&#39;%2F%3E\" data-src=\"https:\/\/www.shinwa.hu\/wp-content\/uploads\/2024\/09\/INJ-technologus-990x495.png\" data-srcset=\"https:\/\/www.shinwa.hu\/wp-content\/uploads\/2024\/09\/INJ-technologus-990x495.png 990w, https:\/\/www.shinwa.hu\/wp-content\/uploads\/2024\/09\/INJ-technologus-1485x743.png 1485w\" alt=\"\" title=\"INJ technol\u00f3gus\" width=\"990\" height=\"495\"  \/><\/a>\t<\/div>\n<\/div>\n\n\n<div class=\"post-entry-content\">\n\n\t<h3 class=\"entry-title\">\n\t\t<a href=\"https:\/\/www.shinwa.hu\/en\/2026\/03\/28\/operator-lezergep-kezelo\/\" title=\"Oper\u00e1tor, l\u00e9zerg\u00e9p-kezel\u0151\" rel=\"bookmark\">Oper\u00e1tor, l\u00e9zerg\u00e9p-kezel\u0151<\/a>\n\t<\/h3>\n\n\t\n\t<div class=\"entry-excerpt\"><p>F\u0151bb feladatok: Automata g\u00e9pek kezel\u00e9se, szakszer\u0171 m\u0171k\u00f6dtet\u00e9se, alapanyaggal val\u00f3 folyamatos&hellip;<\/p>\n<\/div>\n\t\n<a href=\"https:\/\/www.shinwa.hu\/en\/2026\/03\/28\/operator-lezergep-kezelo\/\" class=\"dt-btn-s dt-btn post-details details-type-btn\" aria-label=\"Read more about Oper\u00e1tor, l\u00e9zerg\u00e9p-kezel\u0151\" rel=\"nofollow\">Next<i class=\"dt-icon-the7-arrow-03\" aria-hidden=\"true\"><\/i><\/a>\n\n<\/div><\/article><\/div><div class=\"visible wf-cell\" data-post-id=\"4048\" data-date=\"2026-03-31T07:25:47+00:00\" data-name=\"Karbantart\u00f3\"><article class=\"post project-odd visible post-4048 type-post status-publish format-standard has-post-thumbnail hentry category-allasok category-18\" data-name=\"Karbantart\u00f3\" data-date=\"2026-03-31T07:25:47+00:00\">\n\n<div class=\"post-thumbnail-wrap\">\n\t<div class=\"post-thumbnail\">\n\t\t\n\t\t<span class=\"fancy-categories\"><a href=\"https:\/\/www.shinwa.hu\/en\/category\/allasok\/\" rel=\"category tag\" style=\"background-color:#;color:#;\">\u00c1ll\u00e1sok<\/a><\/span>\n\t\t<a href=\"https:\/\/www.shinwa.hu\/en\/2026\/03\/31\/karbantarto\/\" class=\"post-thumbnail-rollover layzr-bg layzr-bg\" ><img loading=\"lazy\" decoding=\"async\" class=\"iso-lazy-load preload-me iso-lazy-load\" src=\"data:image\/svg+xml,%3Csvg%20xmlns%3D&#39;http%3A%2F%2Fwww.w3.org%2F2000%2Fsvg&#39;%20viewBox%3D&#39;0%200%20453%20226&#39;%2F%3E\" data-src=\"https:\/\/www.shinwa.hu\/wp-content\/uploads\/2026\/03\/Karbntarto-453x226.png\" data-srcset=\"https:\/\/www.shinwa.hu\/wp-content\/uploads\/2026\/03\/Karbntarto-453x226.png 453w\" alt=\"\" title=\"Karbntart\u00f3\" width=\"453\" height=\"226\"  \/><\/a>\t<\/div>\n<\/div>\n\n\n<div class=\"post-entry-content\">\n\n\t<h3 class=\"entry-title\">\n\t\t<a href=\"https:\/\/www.shinwa.hu\/en\/2026\/03\/31\/karbantarto\/\" title=\"Karbantart\u00f3\" rel=\"bookmark\">Karbantart\u00f3<\/a>\n\t<\/h3>\n\n\t\n\t<div class=\"entry-excerpt\"><p>F\u0151bb feladatok: &#8211; t\u0171zjelz\u0151 k\u00f6zpont \u00fczemeltet\u00e9se &#8211; s\u0171r\u00edtett leveg\u0151s rendszerek&hellip;<\/p>\n<\/div>\n\t\n<a href=\"https:\/\/www.shinwa.hu\/en\/2026\/03\/31\/karbantarto\/\" class=\"dt-btn-s dt-btn post-details details-type-btn\" aria-label=\"Read more about Karbantart\u00f3\" rel=\"nofollow\">Next<i class=\"dt-icon-the7-arrow-03\" aria-hidden=\"true\"><\/i><\/a>\n\n<\/div><\/article><\/div><div class=\"visible wf-cell\" data-post-id=\"3918\" data-date=\"2026-03-25T00:23:51+00:00\" data-name=\"Be\u00fcltet\u0151g\u00e9p-kezel\u0151 (SMT) oper\u00e1tor\"><article class=\"post project-odd visible post-3918 type-post status-publish format-standard has-post-thumbnail hentry category-allasok category-18\" data-name=\"Be\u00fcltet\u0151g\u00e9p-kezel\u0151 (SMT) oper\u00e1tor\" data-date=\"2026-03-25T00:23:51+00:00\">\n\n<div class=\"post-thumbnail-wrap\">\n\t<div class=\"post-thumbnail\">\n\t\t\n\t\t<span class=\"fancy-categories\"><a href=\"https:\/\/www.shinwa.hu\/en\/category\/allasok\/\" rel=\"category tag\" style=\"background-color:#;color:#;\">\u00c1ll\u00e1sok<\/a><\/span>\n\t\t<a href=\"https:\/\/www.shinwa.hu\/en\/2026\/03\/25\/beultetogep-kezelo-smt-operator\/\" class=\"post-thumbnail-rollover layzr-bg layzr-bg\" ><img loading=\"lazy\" decoding=\"async\" class=\"iso-lazy-load preload-me iso-lazy-load\" src=\"data:image\/svg+xml,%3Csvg%20xmlns%3D&#39;http%3A%2F%2Fwww.w3.org%2F2000%2Fsvg&#39;%20viewBox%3D&#39;0%200%20842%20421&#39;%2F%3E\" data-src=\"https:\/\/www.shinwa.hu\/wp-content\/uploads\/2024\/02\/SMT-842x421.jpg\" data-srcset=\"https:\/\/www.shinwa.hu\/wp-content\/uploads\/2024\/02\/SMT-842x421.jpg 842w\" alt=\"\" title=\"SMT\" width=\"842\" height=\"421\"  \/><\/a>\t<\/div>\n<\/div>\n\n\n<div class=\"post-entry-content\">\n\n\t<h3 class=\"entry-title\">\n\t\t<a href=\"https:\/\/www.shinwa.hu\/en\/2026\/03\/25\/beultetogep-kezelo-smt-operator\/\" title=\"Be\u00fcltet\u0151g\u00e9p-kezel\u0151 (SMT) oper\u00e1tor\" rel=\"bookmark\">Be\u00fcltet\u0151g\u00e9p-kezel\u0151 (SMT) oper\u00e1tor<\/a>\n\t<\/h3>\n\n\t\n\t<div class=\"entry-excerpt\"><p>F\u0151bb feladatok: Automata g\u00e9pek kezel\u00e9se, szakszer\u0171 m\u0171k\u00f6dtet\u00e9se, alapanyaggal val\u00f3 folyamatos&hellip;<\/p>\n<\/div>\n\t\n<a href=\"https:\/\/www.shinwa.hu\/en\/2026\/03\/25\/beultetogep-kezelo-smt-operator\/\" class=\"dt-btn-s dt-btn post-details details-type-btn\" aria-label=\"Read more about Be\u00fcltet\u0151g\u00e9p-kezel\u0151 (SMT) oper\u00e1tor\" rel=\"nofollow\">Next<i class=\"dt-icon-the7-arrow-03\" aria-hidden=\"true\"><\/i><\/a>\n\n<\/div><\/article><\/div><div class=\"visible wf-cell\" data-post-id=\"3998\" data-date=\"2026-03-12T06:24:27+00:00\" data-name=\"Oper\u00e1tor, g\u00e9pkezel\u0151 (Megv\u00e1ltozott munkak\u00e9pess\u00e9g\u0171)\"><article class=\"post project-odd visible post-3998 type-post status-publish format-standard has-post-thumbnail hentry category-allasok category-18\" data-name=\"Oper\u00e1tor, g\u00e9pkezel\u0151 (Megv\u00e1ltozott munkak\u00e9pess\u00e9g\u0171)\" data-date=\"2026-03-12T06:24:27+00:00\">\n\n<div class=\"post-thumbnail-wrap\">\n\t<div class=\"post-thumbnail\">\n\t\t\n\t\t<span class=\"fancy-categories\"><a href=\"https:\/\/www.shinwa.hu\/en\/category\/allasok\/\" rel=\"category tag\" style=\"background-color:#;color:#;\">\u00c1ll\u00e1sok<\/a><\/span>\n\t\t<a href=\"https:\/\/www.shinwa.hu\/en\/2026\/03\/12\/operator-gepkezelo-megvaltozott-munkakepessegu\/\" class=\"post-thumbnail-rollover layzr-bg layzr-bg\" ><img loading=\"lazy\" decoding=\"async\" class=\"iso-lazy-load preload-me iso-lazy-load\" src=\"data:image\/svg+xml,%3Csvg%20xmlns%3D&#39;http%3A%2F%2Fwww.w3.org%2F2000%2Fsvg&#39;%20viewBox%3D&#39;0%200%20990%20495&#39;%2F%3E\" data-src=\"https:\/\/www.shinwa.hu\/wp-content\/uploads\/2024\/09\/INJ-technologus-990x495.png\" data-srcset=\"https:\/\/www.shinwa.hu\/wp-content\/uploads\/2024\/09\/INJ-technologus-990x495.png 990w, https:\/\/www.shinwa.hu\/wp-content\/uploads\/2024\/09\/INJ-technologus-1485x743.png 1485w\" alt=\"\" title=\"INJ technol\u00f3gus\" width=\"990\" height=\"495\"  \/><\/a>\t<\/div>\n<\/div>\n\n\n<div class=\"post-entry-content\">\n\n\t<h3 class=\"entry-title\">\n\t\t<a href=\"https:\/\/www.shinwa.hu\/en\/2026\/03\/12\/operator-gepkezelo-megvaltozott-munkakepessegu\/\" title=\"Oper\u00e1tor, g\u00e9pkezel\u0151 (Megv\u00e1ltozott munkak\u00e9pess\u00e9g\u0171)\" rel=\"bookmark\">Oper\u00e1tor, g\u00e9pkezel\u0151 (Megv\u00e1ltozott munkak\u00e9pess\u00e9g\u0171)<\/a>\n\t<\/h3>\n\n\t\n\t<div class=\"entry-excerpt\"><p>F\u0151bb feladatok: Automata g\u00e9pek kezel\u00e9se, szakszer\u0171 m\u0171k\u00f6dtet\u00e9se, alapanyaggal val\u00f3 folyamatos&hellip;<\/p>\n<\/div>\n\t\n<a href=\"https:\/\/www.shinwa.hu\/en\/2026\/03\/12\/operator-gepkezelo-megvaltozott-munkakepessegu\/\" class=\"dt-btn-s dt-btn post-details details-type-btn\" aria-label=\"Read more about Oper\u00e1tor, g\u00e9pkezel\u0151 (Megv\u00e1ltozott munkak\u00e9pess\u00e9g\u0171)\" rel=\"nofollow\">Next<i class=\"dt-icon-the7-arrow-03\" aria-hidden=\"true\"><\/i><\/a>\n\n<\/div><\/article><\/div><\/div><!-- iso-container|iso-grid --><\/div><\/div><\/div><\/div><\/div>","protected":false},"excerpt":{"rendered":"","protected":false},"author":1,"featured_media":0,"parent":0,"menu_order":30,"comment_status":"closed","ping_status":"closed","template":"","meta":[],"class_list":["post-1491","page","type-page","status-publish","hentry","description-off"],"_links":{"self":[{"href":"https:\/\/www.shinwa.hu\/en\/wp-json\/wp\/v2\/pages\/1491","targetHints":{"allow":["GET"]}}],"collection":[{"href":"https:\/\/www.shinwa.hu\/en\/wp-json\/wp\/v2\/pages"}],"about":[{"href":"https:\/\/www.shinwa.hu\/en\/wp-json\/wp\/v2\/types\/page"}],"author":[{"embeddable":true,"href":"https:\/\/www.shinwa.hu\/en\/wp-json\/wp\/v2\/users\/1"}],"replies":[{"embeddable":true,"href":"https:\/\/www.shinwa.hu\/en\/wp-json\/wp\/v2\/comments?post=1491"}],"version-history":[{"count":5,"href":"https:\/\/www.shinwa.hu\/en\/wp-json\/wp\/v2\/pages\/1491\/revisions"}],"predecessor-version":[{"id":3797,"href":"https:\/\/www.shinwa.hu\/en\/wp-json\/wp\/v2\/pages\/1491\/revisions\/3797"}],"wp:attachment":[{"href":"https:\/\/www.shinwa.hu\/en\/wp-json\/wp\/v2\/media?parent=1491"}],"curies":[{"name":"wp","href":"https:\/\/api.w.org\/{rel}","templated":true}]}}