{"id":1489,"date":"2019-10-16T16:14:24","date_gmt":"2019-10-16T16:14:24","guid":{"rendered":"https:\/\/the7.io\/company\/?page_id=1489"},"modified":"2023-03-20T15:13:25","modified_gmt":"2023-03-20T15:13:25","slug":"kapcsolat","status":"publish","type":"page","link":"https:\/\/www.shinwa.hu\/en\/kapcsolat\/","title":{"rendered":"Contact"},"content":{"rendered":"<div data-vc-full-width=\"true\" data-vc-full-width-init=\"false\" class=\"vc_row wpb_row vc_row-fluid vc_custom_1575377882611 vc_row-has-fill vc_row-o-equal-height vc_row-flex\"><div class=\"wpb_column vc_column_container vc_col-sm-12\"><div class=\"vc_column-inner\"><div class=\"wpb_wrapper\"><div class=\"vc_row wpb_row vc_inner vc_row-fluid vc_custom_1575373349723 vc_column-gap-30 vc_row-o-equal-height vc_row-flex\"><div class=\"wpb_column vc_column_container vc_col-sm-4 vc_col-has-fill\"><div class=\"vc_column-inner vc_custom_1575376164580\"><div class=\"wpb_wrapper\"><style type=\"text\/css\" data-type=\"the7_shortcodes-inline-css\">.icon-with-text-shortcode.icon-text-id-02c384b40862d4549f80bc78b2b99448 .text-icon {\n  width: 48px;\n  height: 48px;\n  line-height: 48px;\n  font-size: 48px;\n  border-radius: 200px;\n  margin: 0px 0px 25px 0px;\n}\n.icon-with-text-shortcode.icon-text-id-02c384b40862d4549f80bc78b2b99448 .text-icon .icon-inner {\n  min-width: 48px;\n  min-height: 48px;\n  border-radius: 200px;\n}\n@media all and (-ms-high-contrast: none) {\n  .icon-with-text-shortcode.icon-text-id-02c384b40862d4549f80bc78b2b99448 .text-icon .icon-inner {\n    height: 48px;\n  }\n}\n.icon-with-text-shortcode.icon-text-id-02c384b40862d4549f80bc78b2b99448 .text-icon .dt-hover-icon {\n  line-height: 48px;\n}\n.icon-with-text-shortcode.icon-text-id-02c384b40862d4549f80bc78b2b99448 .text-icon:before,\n.icon-with-text-shortcode.icon-text-id-02c384b40862d4549f80bc78b2b99448 .text-icon:after,\n.icon-with-text-shortcode.icon-text-id-02c384b40862d4549f80bc78b2b99448 .text-icon .icon-inner:before,\n.icon-with-text-shortcode.icon-text-id-02c384b40862d4549f80bc78b2b99448 .text-icon .icon-inner:after {\n  min-width: 100%;\n  min-height: 100%;\n  padding: inherit;\n  border-radius: inherit;\n}\n.icon-with-text-shortcode.icon-text-id-02c384b40862d4549f80bc78b2b99448 .text-icon.dt-icon-border-on:before {\n  border-width: 2px;\n  border-style: solid;\n}\n.dt-icon-border-dashed.icon-with-text-shortcode.icon-text-id-02c384b40862d4549f80bc78b2b99448 .text-icon.dt-icon-border-on:before {\n  border-style: dashed;\n}\n.dt-icon-border-dotted.icon-with-text-shortcode.icon-text-id-02c384b40862d4549f80bc78b2b99448 .text-icon.dt-icon-border-on:before {\n  border-style: dotted;\n}\n.dt-icon-border-double.icon-with-text-shortcode.icon-text-id-02c384b40862d4549f80bc78b2b99448 .text-icon.dt-icon-border-on:before {\n  border-style: double;\n}\n.icon-with-text-shortcode.icon-text-id-02c384b40862d4549f80bc78b2b99448 .text-icon.dt-icon-border-dashed.dt-icon-border-on:before {\n  border-style: dashed;\n}\n.icon-with-text-shortcode.icon-text-id-02c384b40862d4549f80bc78b2b99448 .text-icon.dt-icon-border-dotted.dt-icon-border-on:before {\n  border-style: dotted;\n}\n.icon-with-text-shortcode.icon-text-id-02c384b40862d4549f80bc78b2b99448 .text-icon.dt-icon-border-double.dt-icon-border-on:before {\n  border-style: double;\n}\n.icon-with-text-shortcode.icon-text-id-02c384b40862d4549f80bc78b2b99448 .text-icon.dt-icon-hover-border-on:after {\n  border-width: 2px;\n  border-style: solid;\n}\n.icon-with-text-shortcode.icon-text-id-02c384b40862d4549f80bc78b2b99448 .text-icon.dt-icon-border-dashed.dt-icon-hover-border-on:after {\n  border-style: dashed;\n}\n.icon-with-text-shortcode.icon-text-id-02c384b40862d4549f80bc78b2b99448 .text-icon.dt-icon-border-dotted.dt-icon-hover-border-on:after {\n  border-style: dotted;\n}\n.icon-with-text-shortcode.icon-text-id-02c384b40862d4549f80bc78b2b99448 .text-icon.dt-icon-border-double.dt-icon-hover-border-on:after {\n  border-style: double;\n}\n.icon-with-text-shortcode.icon-text-id-02c384b40862d4549f80bc78b2b99448 .text-icon.dt-icon-hover-on:hover {\n  font-size: 48px;\n}\n#page .icon-with-text-shortcode.icon-text-id-02c384b40862d4549f80bc78b2b99448 .text-icon.dt-icon-hover-on:hover .soc-font-icon,\n#phantom .icon-with-text-shortcode.icon-text-id-02c384b40862d4549f80bc78b2b99448 .text-icon.dt-icon-hover-on:hover .soc-font-icon,\n#page .icon-with-text-shortcode.icon-text-id-02c384b40862d4549f80bc78b2b99448 .text-icon.dt-icon-hover-on:hover .soc-icon,\n#phantom .icon-with-text-shortcode.icon-text-id-02c384b40862d4549f80bc78b2b99448 .text-icon.dt-icon-hover-on:hover .soc-icon {\n  color: #fff;\n  background: none;\n}\n.icon-with-text-shortcode.icon-text-id-02c384b40862d4549f80bc78b2b99448.layout-1 {\n  grid-template-columns: 48px minmax(0,1fr);\n  grid-column-gap: 0px;\n}\n.icon-with-text-shortcode.icon-text-id-02c384b40862d4549f80bc78b2b99448.layout-2 {\n  grid-template-columns: minmax(0,1fr) 48px;\n  grid-column-gap: 0px;\n}\n.icon-with-text-shortcode.icon-text-id-02c384b40862d4549f80bc78b2b99448.layout-2 .text-icon {\n  margin-left: 0;\n}\n.icon-with-text-shortcode.icon-text-id-02c384b40862d4549f80bc78b2b99448.layout-3 {\n  grid-template-columns: 48px minmax(0,1fr);\n}\n.icon-with-text-shortcode.icon-text-id-02c384b40862d4549f80bc78b2b99448.layout-3 .dt-text-title {\n  margin-left: 0px;\n}\n.icon-with-text-shortcode.icon-text-id-02c384b40862d4549f80bc78b2b99448 .dt-text-title {\n  margin-bottom: 20px;\n}\n.icon-with-text-shortcode.icon-text-id-02c384b40862d4549f80bc78b2b99448 .dt-text-desc {\n  color: #222222;\n  background: none;\n  margin-bottom: 0px;\n  font-size: 24px;\n  line-height: 34px;\n  font-weight: bold;\n}\n.icon-with-text-shortcode.icon-text-id-02c384b40862d4549f80bc78b2b99448 .default-btn-shortcode * {\n  vertical-align: middle;\n}\n<\/style><div class=\"icon-with-text-shortcode  icon-text-id-02c384b40862d4549f80bc78b2b99448 layout-5\" ><span   class=\"text-icon dt-icon-bg-off dt-icon-hover-off\" ><span class=\"icon-inner\"><i class=\"dt-regular-icon soc-icon icomoon-the7-font-the7-phone-03\"><\/i><i class=\"dt-hover-icon soc-icon icomoon-the7-font-the7-phone-03\"><\/i><\/span><\/span><p class=\"dt-text-title\"  >Call!<\/p><div class=\"dt-text-desc\">Tel: +36 46 530 700<\/div><\/div><\/div><\/div><\/div><div class=\"wpb_column vc_column_container vc_col-sm-4 vc_col-has-fill\"><div class=\"vc_column-inner vc_custom_1575376169747\"><div class=\"wpb_wrapper\"><style type=\"text\/css\" data-type=\"the7_shortcodes-inline-css\">.icon-with-text-shortcode.icon-text-id-9c6d6189b88b8427f074520418a357b3 .text-icon {\n  width: 48px;\n  height: 48px;\n  line-height: 48px;\n  font-size: 48px;\n  border-radius: 200px;\n  margin: 0px 0px 25px 0px;\n}\n.icon-with-text-shortcode.icon-text-id-9c6d6189b88b8427f074520418a357b3 .text-icon .icon-inner {\n  min-width: 48px;\n  min-height: 48px;\n  border-radius: 200px;\n}\n@media all and (-ms-high-contrast: none) {\n  .icon-with-text-shortcode.icon-text-id-9c6d6189b88b8427f074520418a357b3 .text-icon .icon-inner {\n    height: 48px;\n  }\n}\n.icon-with-text-shortcode.icon-text-id-9c6d6189b88b8427f074520418a357b3 .text-icon .dt-hover-icon {\n  line-height: 48px;\n}\n.icon-with-text-shortcode.icon-text-id-9c6d6189b88b8427f074520418a357b3 .text-icon:before,\n.icon-with-text-shortcode.icon-text-id-9c6d6189b88b8427f074520418a357b3 .text-icon:after,\n.icon-with-text-shortcode.icon-text-id-9c6d6189b88b8427f074520418a357b3 .text-icon .icon-inner:before,\n.icon-with-text-shortcode.icon-text-id-9c6d6189b88b8427f074520418a357b3 .text-icon .icon-inner:after {\n  min-width: 100%;\n  min-height: 100%;\n  padding: inherit;\n  border-radius: inherit;\n}\n.icon-with-text-shortcode.icon-text-id-9c6d6189b88b8427f074520418a357b3 .text-icon.dt-icon-border-on:before {\n  border-width: 2px;\n  border-style: solid;\n}\n.dt-icon-border-dashed.icon-with-text-shortcode.icon-text-id-9c6d6189b88b8427f074520418a357b3 .text-icon.dt-icon-border-on:before {\n  border-style: dashed;\n}\n.dt-icon-border-dotted.icon-with-text-shortcode.icon-text-id-9c6d6189b88b8427f074520418a357b3 .text-icon.dt-icon-border-on:before {\n  border-style: dotted;\n}\n.dt-icon-border-double.icon-with-text-shortcode.icon-text-id-9c6d6189b88b8427f074520418a357b3 .text-icon.dt-icon-border-on:before {\n  border-style: double;\n}\n.icon-with-text-shortcode.icon-text-id-9c6d6189b88b8427f074520418a357b3 .text-icon.dt-icon-border-dashed.dt-icon-border-on:before {\n  border-style: dashed;\n}\n.icon-with-text-shortcode.icon-text-id-9c6d6189b88b8427f074520418a357b3 .text-icon.dt-icon-border-dotted.dt-icon-border-on:before {\n  border-style: dotted;\n}\n.icon-with-text-shortcode.icon-text-id-9c6d6189b88b8427f074520418a357b3 .text-icon.dt-icon-border-double.dt-icon-border-on:before {\n  border-style: double;\n}\n.icon-with-text-shortcode.icon-text-id-9c6d6189b88b8427f074520418a357b3 .text-icon.dt-icon-hover-border-on:after {\n  border-width: 2px;\n  border-style: solid;\n}\n.icon-with-text-shortcode.icon-text-id-9c6d6189b88b8427f074520418a357b3 .text-icon.dt-icon-border-dashed.dt-icon-hover-border-on:after {\n  border-style: dashed;\n}\n.icon-with-text-shortcode.icon-text-id-9c6d6189b88b8427f074520418a357b3 .text-icon.dt-icon-border-dotted.dt-icon-hover-border-on:after {\n  border-style: dotted;\n}\n.icon-with-text-shortcode.icon-text-id-9c6d6189b88b8427f074520418a357b3 .text-icon.dt-icon-border-double.dt-icon-hover-border-on:after {\n  border-style: double;\n}\n.icon-with-text-shortcode.icon-text-id-9c6d6189b88b8427f074520418a357b3 .text-icon.dt-icon-hover-on:hover {\n  font-size: 48px;\n}\n#page .icon-with-text-shortcode.icon-text-id-9c6d6189b88b8427f074520418a357b3 .text-icon.dt-icon-hover-on:hover .soc-font-icon,\n#phantom .icon-with-text-shortcode.icon-text-id-9c6d6189b88b8427f074520418a357b3 .text-icon.dt-icon-hover-on:hover .soc-font-icon,\n#page .icon-with-text-shortcode.icon-text-id-9c6d6189b88b8427f074520418a357b3 .text-icon.dt-icon-hover-on:hover .soc-icon,\n#phantom .icon-with-text-shortcode.icon-text-id-9c6d6189b88b8427f074520418a357b3 .text-icon.dt-icon-hover-on:hover .soc-icon {\n  color: #fff;\n  background: none;\n}\n.icon-with-text-shortcode.icon-text-id-9c6d6189b88b8427f074520418a357b3.layout-1 {\n  grid-template-columns: 48px minmax(0,1fr);\n  grid-column-gap: 0px;\n}\n.icon-with-text-shortcode.icon-text-id-9c6d6189b88b8427f074520418a357b3.layout-2 {\n  grid-template-columns: minmax(0,1fr) 48px;\n  grid-column-gap: 0px;\n}\n.icon-with-text-shortcode.icon-text-id-9c6d6189b88b8427f074520418a357b3.layout-2 .text-icon {\n  margin-left: 0;\n}\n.icon-with-text-shortcode.icon-text-id-9c6d6189b88b8427f074520418a357b3.layout-3 {\n  grid-template-columns: 48px minmax(0,1fr);\n}\n.icon-with-text-shortcode.icon-text-id-9c6d6189b88b8427f074520418a357b3.layout-3 .dt-text-title {\n  margin-left: 0px;\n}\n.icon-with-text-shortcode.icon-text-id-9c6d6189b88b8427f074520418a357b3 .dt-text-title {\n  margin-bottom: 20px;\n}\n.icon-with-text-shortcode.icon-text-id-9c6d6189b88b8427f074520418a357b3 .dt-text-desc {\n  color: #222222;\n  background: none;\n  margin-bottom: 0px;\n  font-size: 18px;\n  line-height: 28px;\n  font-weight: bold;\n}\n.icon-with-text-shortcode.icon-text-id-9c6d6189b88b8427f074520418a357b3 .default-btn-shortcode * {\n  vertical-align: middle;\n}\n<\/style><div class=\"icon-with-text-shortcode  icon-text-id-9c6d6189b88b8427f074520418a357b3 layout-5\" ><span   class=\"text-icon dt-icon-bg-off dt-icon-hover-off\" ><span class=\"icon-inner\"><i class=\"dt-regular-icon soc-icon icomoon-the7-font-the7-mail-03\"><\/i><i class=\"dt-hover-icon soc-icon icomoon-the7-font-the7-mail-03\"><\/i><\/span><\/span><p class=\"dt-text-title\"  >Message<\/p><\/div>\n\t<div class=\"wpb_text_column wpb_content_element\" >\n\t\t<div class=\"wpb_wrapper\">\n\t\t\t<p style=\"text-align: center;\">Center:<br \/>\n<a href=\"mailto:shinwa@shinwa.hu\">shinwa@shinwa.hu<\/a><\/p>\n<p style=\"text-align: center;\">Purchasing:<br \/>\n<a href=\"mailto:purchasing@shinwa.hu\">purchasing@shinwa.hu<\/a><\/p>\n<p style=\"text-align: center;\">Sales:<br \/>\n<a href=\"mailto:sales@shinwa.hu\">sales@shinwa.hu<\/a><\/p>\n<p style=\"text-align: center;\">Finance:<br \/>\n<a href=\"mailto:electronicsupplier@shinwa.hu\">electronicsupplier@shinwa.hu<\/a><\/p>\n<p style=\"text-align: center;\">Career:<br \/>\n<a href=\"mailto:karrier@shinwa.hu\">karrier@shinwa.hu<\/a><\/p>\n\n\t\t<\/div>\n\t<\/div>\n<\/div><\/div><\/div><div class=\"wpb_column vc_column_container vc_col-sm-4 vc_col-has-fill\"><div class=\"vc_column-inner vc_custom_1575376175451\"><div class=\"wpb_wrapper\"><style type=\"text\/css\" data-type=\"the7_shortcodes-inline-css\">.icon-with-text-shortcode.icon-text-id-4f85f09012795edf6eab0f27ba1772a7 .text-icon {\n  width: 48px;\n  height: 48px;\n  line-height: 48px;\n  font-size: 48px;\n  border-radius: 200px;\n  margin: 0px 0px 25px 0px;\n}\n.icon-with-text-shortcode.icon-text-id-4f85f09012795edf6eab0f27ba1772a7 .text-icon .icon-inner {\n  min-width: 48px;\n  min-height: 48px;\n  border-radius: 200px;\n}\n@media all and (-ms-high-contrast: none) {\n  .icon-with-text-shortcode.icon-text-id-4f85f09012795edf6eab0f27ba1772a7 .text-icon .icon-inner {\n    height: 48px;\n  }\n}\n.icon-with-text-shortcode.icon-text-id-4f85f09012795edf6eab0f27ba1772a7 .text-icon .dt-hover-icon {\n  line-height: 48px;\n}\n.icon-with-text-shortcode.icon-text-id-4f85f09012795edf6eab0f27ba1772a7 .text-icon:before,\n.icon-with-text-shortcode.icon-text-id-4f85f09012795edf6eab0f27ba1772a7 .text-icon:after,\n.icon-with-text-shortcode.icon-text-id-4f85f09012795edf6eab0f27ba1772a7 .text-icon .icon-inner:before,\n.icon-with-text-shortcode.icon-text-id-4f85f09012795edf6eab0f27ba1772a7 .text-icon .icon-inner:after {\n  min-width: 100%;\n  min-height: 100%;\n  padding: inherit;\n  border-radius: inherit;\n}\n.icon-with-text-shortcode.icon-text-id-4f85f09012795edf6eab0f27ba1772a7 .text-icon.dt-icon-border-on:before {\n  border-width: 2px;\n  border-style: solid;\n}\n.dt-icon-border-dashed.icon-with-text-shortcode.icon-text-id-4f85f09012795edf6eab0f27ba1772a7 .text-icon.dt-icon-border-on:before {\n  border-style: dashed;\n}\n.dt-icon-border-dotted.icon-with-text-shortcode.icon-text-id-4f85f09012795edf6eab0f27ba1772a7 .text-icon.dt-icon-border-on:before {\n  border-style: dotted;\n}\n.dt-icon-border-double.icon-with-text-shortcode.icon-text-id-4f85f09012795edf6eab0f27ba1772a7 .text-icon.dt-icon-border-on:before {\n  border-style: double;\n}\n.icon-with-text-shortcode.icon-text-id-4f85f09012795edf6eab0f27ba1772a7 .text-icon.dt-icon-border-dashed.dt-icon-border-on:before {\n  border-style: dashed;\n}\n.icon-with-text-shortcode.icon-text-id-4f85f09012795edf6eab0f27ba1772a7 .text-icon.dt-icon-border-dotted.dt-icon-border-on:before {\n  border-style: dotted;\n}\n.icon-with-text-shortcode.icon-text-id-4f85f09012795edf6eab0f27ba1772a7 .text-icon.dt-icon-border-double.dt-icon-border-on:before {\n  border-style: double;\n}\n.icon-with-text-shortcode.icon-text-id-4f85f09012795edf6eab0f27ba1772a7 .text-icon.dt-icon-hover-border-on:after {\n  border-width: 2px;\n  border-style: solid;\n}\n.icon-with-text-shortcode.icon-text-id-4f85f09012795edf6eab0f27ba1772a7 .text-icon.dt-icon-border-dashed.dt-icon-hover-border-on:after {\n  border-style: dashed;\n}\n.icon-with-text-shortcode.icon-text-id-4f85f09012795edf6eab0f27ba1772a7 .text-icon.dt-icon-border-dotted.dt-icon-hover-border-on:after {\n  border-style: dotted;\n}\n.icon-with-text-shortcode.icon-text-id-4f85f09012795edf6eab0f27ba1772a7 .text-icon.dt-icon-border-double.dt-icon-hover-border-on:after {\n  border-style: double;\n}\n.icon-with-text-shortcode.icon-text-id-4f85f09012795edf6eab0f27ba1772a7 .text-icon.dt-icon-hover-on:hover {\n  font-size: 48px;\n}\n#page .icon-with-text-shortcode.icon-text-id-4f85f09012795edf6eab0f27ba1772a7 .text-icon.dt-icon-hover-on:hover .soc-font-icon,\n#phantom .icon-with-text-shortcode.icon-text-id-4f85f09012795edf6eab0f27ba1772a7 .text-icon.dt-icon-hover-on:hover .soc-font-icon,\n#page .icon-with-text-shortcode.icon-text-id-4f85f09012795edf6eab0f27ba1772a7 .text-icon.dt-icon-hover-on:hover .soc-icon,\n#phantom .icon-with-text-shortcode.icon-text-id-4f85f09012795edf6eab0f27ba1772a7 .text-icon.dt-icon-hover-on:hover .soc-icon {\n  color: #fff;\n  background: none;\n}\n.icon-with-text-shortcode.icon-text-id-4f85f09012795edf6eab0f27ba1772a7.layout-1 {\n  grid-template-columns: 48px minmax(0,1fr);\n  grid-column-gap: 0px;\n}\n.icon-with-text-shortcode.icon-text-id-4f85f09012795edf6eab0f27ba1772a7.layout-2 {\n  grid-template-columns: minmax(0,1fr) 48px;\n  grid-column-gap: 0px;\n}\n.icon-with-text-shortcode.icon-text-id-4f85f09012795edf6eab0f27ba1772a7.layout-2 .text-icon {\n  margin-left: 0;\n}\n.icon-with-text-shortcode.icon-text-id-4f85f09012795edf6eab0f27ba1772a7.layout-3 {\n  grid-template-columns: 48px minmax(0,1fr);\n}\n.icon-with-text-shortcode.icon-text-id-4f85f09012795edf6eab0f27ba1772a7.layout-3 .dt-text-title {\n  margin-left: 0px;\n}\n.icon-with-text-shortcode.icon-text-id-4f85f09012795edf6eab0f27ba1772a7 .dt-text-title {\n  margin-bottom: 20px;\n}\n.icon-with-text-shortcode.icon-text-id-4f85f09012795edf6eab0f27ba1772a7 .dt-text-desc {\n  color: #222222;\n  background: none;\n  margin-bottom: 0px;\n  font-size: 18px;\n  line-height: 28px;\n  font-weight: bold;\n}\n.icon-with-text-shortcode.icon-text-id-4f85f09012795edf6eab0f27ba1772a7 .default-btn-shortcode * {\n  vertical-align: middle;\n}\n<\/style><div class=\"icon-with-text-shortcode  icon-text-id-4f85f09012795edf6eab0f27ba1772a7 layout-5\" ><span   class=\"text-icon dt-icon-bg-off dt-icon-hover-off\" ><span class=\"icon-inner\"><i class=\"dt-regular-icon soc-icon icomoon-the7-font-the7-map-05\"><\/i><i class=\"dt-hover-icon soc-icon icomoon-the7-font-the7-map-05\"><\/i><\/span><\/span><p class=\"dt-text-title\"  >Center<\/p><div class=\"dt-text-desc\">H-3534 Miskolc, Muhi utca 2\/A.<\/div><\/div><div class=\"vc_empty_space\"   style=\"height: 32px\"><span class=\"vc_empty_space_inner\"><\/span><\/div>\n\t<div class=\"wpb_text_column wpb_content_element\" >\n\t\t<div class=\"wpb_wrapper\">\n\t\t\t<p><strong>Shinwa Precision Hungary Ltd.<\/strong><\/p>\n<p>H-3534 Miskolc, Muhi utca 2\/A.<\/p>\n<p>Ad\u00f3sz\u00e1m: 11586612-2-05<br \/>\nK\u00f6z\u00f6ss\u00e9gi ad\u00f3sz\u00e1m: HU11586612<br \/>\nC\u00e9gjegyz\u00e9ksz\u00e1m: 05-09-006875<br \/>\nVPID-sz\u00e1m: HU0000017969<br \/>\nStatisztikai sz\u00e1mjel: 11586612-2630-113-05<\/p>\n<p><a href=\"https:\/\/www.jvckenwood.com\/en.html\" target=\"_blank\" rel=\"noopener\">https:\/\/www.jvckenwood.com\/en.html<\/a><\/p>\n<p><a href=\"http:\/\/www.shinwa-net.com\/\" target=\"_blank\" rel=\"noopener\">http:\/\/www.shinwa-net.com\/<\/a><\/p>\n\n\t\t<\/div>\n\t<\/div>\n<\/div><\/div><\/div><\/div><\/div><\/div><\/div><\/div><div class=\"vc_row-full-width vc_clearfix\"><\/div><div class=\"vc_row wpb_row vc_row-fluid vc_custom_1575380785088\"><div class=\"wpb_column vc_column_container vc_col-sm-10 vc_col-lg-offset-2 vc_col-lg-8 vc_col-md-offset-2 vc_col-md-8 vc_col-sm-offset-1 vc_col-xs-offset-1 vc_col-xs-10\"><div class=\"vc_column-inner\"><div class=\"wpb_wrapper\"><div class=\"vc_row wpb_row vc_inner vc_row-fluid\"><div class=\"wpb_column vc_column_container vc_col-sm-6 vc_col-lg-offset-0 vc_col-md-offset-0 vc_col-sm-offset-0 vc_col-xs-6 vc_col-has-fill\"><div class=\"vc_column-inner vc_custom_1575380838085\"><div class=\"wpb_wrapper\"><\/div><\/div><\/div><\/div><div id=\"ultimate-heading-317369f86123030a5\" class=\"uvc-heading ult-adjust-bottom-margin ultimate-heading-317369f86123030a5 uvc-137\" data-hspacer=\"no_spacer\"  data-halign=\"center\" style=\"text-align:center\"><div class=\"uvc-heading-spacer no_spacer\" style=\"top\"><\/div><div class=\"uvc-main-heading ult-responsive\"  data-ultimate-target='.uvc-heading.ultimate-heading-317369f86123030a5 h2'  data-responsive-json-new='{\"font-size\":\"desktop:50px;\",\"line-height\":\"desktop:60px;\"}' ><h2 style=\"font-weight:bold;margin-bottom:10px;\">Send a message<\/h2><\/div><div class=\"uvc-sub-heading ult-responsive\"  data-ultimate-target='.uvc-heading.ultimate-heading-317369f86123030a5 .uvc-sub-heading '  data-responsive-json-new='{\"font-size\":\"\",\"line-height\":\"\"}'  style=\"font-weight:normal;margin-bottom:60px;\">Our colleagues will respond in a short time!<\/div><\/div><form class=\"dt-contact-form dt-form\" method=\"post\" action=\"\"><input type=\"hidden\" name=\"widget_id\" value=\"presscore-contact-form-widget--1\" \/><input type=\"hidden\" name=\"send_message\" value=\"\" \/><input type=\"hidden\" name=\"security_token\" value=\"c5ec870fd53e3e4f8376\"\/><div class=\"form-fields\"><span class=\"form-name\"><label class=\"assistive-text\">Name *<\/label><input type=\"text\" class=\"validate[required]\" placeholder=\"Name *\" name=\"name\" value=\"\" aria-required=\"true\">\n<\/span><span class=\"form-mail\"><label class=\"assistive-text\">E-mail *<\/label><input type=\"text\" class=\"validate[required,custom[email]]\" placeholder=\"E-mail *\" name=\"email\" value=\"\" aria-required=\"true\">\n<\/span><span class=\"form-company\"><label class=\"assistive-text\">Company<\/label><input type=\"text\" placeholder=\"Company\" name=\"company\" value=\"\" aria-required=\"false\">\n<\/span><\/div><span class=\"form-message\"><label class=\"assistive-text\">Message *<\/label><textarea class=\"validate[required]\" placeholder=\"Message *\" name=\"message\" rows=\"6\" aria-required=\"true\"><\/textarea>\n<\/span><p><a href=\"#\" class=\"dt-btn dt-btn-m dt-btn-submit\" rel=\"nofollow\"><span>Elk\u00fcld<\/span><\/a><input class=\"assistive-text\" type=\"submit\" value=\"submit\"><\/p><input type=\"hidden\" name=\"trp-form-language\" value=\"en\"\/><\/form>\n<\/div><\/div><\/div><\/div>","protected":false},"excerpt":{"rendered":"<p>H\u00edvjon!Tel: +36 46 530 700\u00dczenet K\u00f6zpont: shinwa@shinwa.hu Beszerz\u00e9s: purchasing@shinwa.hu Sales: sales@shinwa.hu P\u00e9nz\u00fcgy: electronicsupplier@shinwa.hu Karrier: karrier@shinwa.hu K\u00f6zpontH-3534 Miskolc, Muhi utca 2\/A. Shinwa Magyarorsz\u00e1g Prec\u00edzi\u00f3s Kft. H-3534 Miskolc, Muhi utca 2\/A. Ad\u00f3sz\u00e1m: 11586612-2-05 K\u00f6z\u00f6ss\u00e9gi ad\u00f3sz\u00e1m: HU11586612 C\u00e9gjegyz\u00e9ksz\u00e1m: 05-09-006875 VPID-sz\u00e1m: HU0000017969 Statisztikai sz\u00e1mjel: 11586612-2630-113-05 https:\/\/www.jvckenwood.com\/en.html http:\/\/www.shinwa-net.com\/ \u00dczenetk\u00fcld\u00e9sKoll\u00e9g\u00e1ink r\u00f6vid id\u0151n bel\u00fcl v\u00e1laszolnak!<\/p>","protected":false},"author":1,"featured_media":0,"parent":0,"menu_order":35,"comment_status":"closed","ping_status":"closed","template":"","meta":[],"class_list":["post-1489","page","type-page","status-publish","hentry","description-off"],"_links":{"self":[{"href":"https:\/\/www.shinwa.hu\/en\/wp-json\/wp\/v2\/pages\/1489","targetHints":{"allow":["GET"]}}],"collection":[{"href":"https:\/\/www.shinwa.hu\/en\/wp-json\/wp\/v2\/pages"}],"about":[{"href":"https:\/\/www.shinwa.hu\/en\/wp-json\/wp\/v2\/types\/page"}],"author":[{"embeddable":true,"href":"https:\/\/www.shinwa.hu\/en\/wp-json\/wp\/v2\/users\/1"}],"replies":[{"embeddable":true,"href":"https:\/\/www.shinwa.hu\/en\/wp-json\/wp\/v2\/comments?post=1489"}],"version-history":[{"count":14,"href":"https:\/\/www.shinwa.hu\/en\/wp-json\/wp\/v2\/pages\/1489\/revisions"}],"predecessor-version":[{"id":3877,"href":"https:\/\/www.shinwa.hu\/en\/wp-json\/wp\/v2\/pages\/1489\/revisions\/3877"}],"wp:attachment":[{"href":"https:\/\/www.shinwa.hu\/en\/wp-json\/wp\/v2\/media?parent=1489"}],"curies":[{"name":"wp","href":"https:\/\/api.w.org\/{rel}","templated":true}]}}